{"id":16098,"date":"2024-02-03T09:34:47","date_gmt":"2024-02-03T04:04:47","guid":{"rendered":"https:\/\/kanacreations.art\/?post_type=product&#038;p=16098"},"modified":"2026-04-04T16:22:09","modified_gmt":"2026-04-04T10:52:09","slug":"18th-century-taper-candles","status":"publish","type":"product","link":"https:\/\/kanacreations.art\/hi\/product\/18th-century-taper-candles\/","title":{"rendered":"18th Century Taper Soy Candles"},"content":{"rendered":"<div data-elementor-type=\"wp-post\" data-elementor-id=\"16098\" class=\"elementor elementor-16098\" data-elementor-settings=\"{&quot;ha_cmc_init_switcher&quot;:&quot;no&quot;}\">\n\t\t\t\t\t\t<section class=\"wd-negative-gap elementor-section elementor-top-section elementor-element elementor-element-1c078f5d elementor-section-boxed elementor-section-height-default elementor-section-height-default\" data-id=\"1c078f5d\" data-element_type=\"section\" data-e-type=\"section\" data-settings=\"{&quot;_ha_eqh_enable&quot;:false}\">\n\t\t\t\t\t\t<div class=\"elementor-container elementor-column-gap-default\">\n\t\t\t\t\t<div class=\"elementor-column elementor-col-100 elementor-top-column elementor-element elementor-element-6bd9442d\" data-id=\"6bd9442d\" data-element_type=\"column\" data-e-type=\"column\">\n\t\t\t<div class=\"elementor-widget-wrap elementor-element-populated\">\n\t\t\t\t\t\t<div class=\"elementor-element elementor-element-5b352fb elementor-widget elementor-widget-wd_text_block\" data-id=\"5b352fb\" data-element_type=\"widget\" data-e-type=\"widget\" data-widget_type=\"wd_text_block.default\">\n\t\t\t\t<div class=\"elementor-widget-container\">\n\t\t\t\t\t\t\t<div class=\"wd-text-block reset-last-child text-left\">\n\t\t\t\n\t\t\t<p><strong>*Elegant &amp; Timeless ! - Tall and slender Tapered candles are as universal to our conception of candlelight.*<\/strong><\/p><p><span data-sheets-root=\"1\" data-sheets-value=\"{&quot;1&quot;:2,&quot;2&quot;:&quot;10 inch Soy Wax Butterceam Taper Candles 2pcs\/pack\\nNew smokeless 10 inch taper candle with cotton wicks is colour through in Buttercream colour. The candle is hand-dipped with unscented feature, perfect for holiday gathering and events.\\nMaterial Eco-friendly unscented soy wax\\n8-hour burn time\\nPack of 2 identical pieces\\n\u00d82.5 \u00d7 H25.5 cm Bottom \u00d82 cm\\nCaution Please keep away from children and pets. Discontinue the candle when it is unattended.\\nDesigned by CAMILIA &quot;}\" data-sheets-userformat=\"{&quot;2&quot;:513,&quot;3&quot;:{&quot;1&quot;:0},&quot;12&quot;:0}\">You can choose to buy:<\/span><\/p><ul><li><span data-sheets-root=\"1\" data-sheets-value=\"{&quot;1&quot;:2,&quot;2&quot;:&quot;10 inch Soy Wax Butterceam Taper Candles 2pcs\/pack\\nNew smokeless 10 inch taper candle with cotton wicks is colour through in Buttercream colour. The candle is hand-dipped with unscented feature, perfect for holiday gathering and events.\\nMaterial Eco-friendly unscented soy wax\\n8-hour burn time\\nPack of 2 identical pieces\\n\u00d82.5 \u00d7 H25.5 cm Bottom \u00d82 cm\\nCaution Please keep away from children and pets. Discontinue the candle when it is unattended.\\nDesigned by CAMILIA &quot;}\" data-sheets-userformat=\"{&quot;2&quot;:513,&quot;3&quot;:{&quot;1&quot;:0},&quot;12&quot;:0}\">1 pack of a total of 2 Tapered Candles<\/span><\/li><li><span data-sheets-root=\"1\" data-sheets-value=\"{&quot;1&quot;:2,&quot;2&quot;:&quot;10 inch Soy Wax Butterceam Taper Candles 2pcs\/pack\\nNew smokeless 10 inch taper candle with cotton wicks is colour through in Buttercream colour. The candle is hand-dipped with unscented feature, perfect for holiday gathering and events.\\nMaterial Eco-friendly unscented soy wax\\n8-hour burn time\\nPack of 2 identical pieces\\n\u00d82.5 \u00d7 H25.5 cm Bottom \u00d82 cm\\nCaution Please keep away from children and pets. Discontinue the candle when it is unattended.\\nDesigned by CAMILIA &quot;}\" data-sheets-userformat=\"{&quot;2&quot;:513,&quot;3&quot;:{&quot;1&quot;:0},&quot;12&quot;:0}\">1 packs of total 3 Tapered Candles<\/span><\/li><\/ul><p><span data-sheets-root=\"1\" data-sheets-value=\"{&quot;1&quot;:2,&quot;2&quot;:&quot;10 inch Soy Wax Butterceam Taper Candles 2pcs\/pack\\nNew smokeless 10 inch taper candle with cotton wicks is colour through in Buttercream colour. The candle is hand-dipped with unscented feature, perfect for holiday gathering and events.\\nMaterial Eco-friendly unscented soy wax\\n8-hour burn time\\nPack of 2 identical pieces\\n\u00d82.5 \u00d7 H25.5 cm Bottom \u00d82 cm\\nCaution Please keep away from children and pets. Discontinue the candle when it is unattended.\\nDesigned by CAMILIA &quot;}\" data-sheets-userformat=\"{&quot;2&quot;:513,&quot;3&quot;:{&quot;1&quot;:0},&quot;12&quot;:0}\">Made with 100% pure soy wax.<\/span><\/p><p><span data-sheets-root=\"1\" data-sheets-value=\"{&quot;1&quot;:2,&quot;2&quot;:&quot;10 inch Soy Wax Butterceam Taper Candles 2pcs\/pack\\nNew smokeless 10 inch taper candle with cotton wicks is colour through in Buttercream colour. The candle is hand-dipped with unscented feature, perfect for holiday gathering and events.\\nMaterial Eco-friendly unscented soy wax\\n8-hour burn time\\nPack of 2 identical pieces\\n\u00d82.5 \u00d7 H25.5 cm Bottom \u00d82 cm\\nCaution Please keep away from children and pets. Discontinue the candle when it is unattended.\\nDesigned by CAMILIA &quot;}\" data-sheets-userformat=\"{&quot;2&quot;:513,&quot;3&quot;:{&quot;1&quot;:0},&quot;12&quot;:0}\"> Artisan-assembled using the traditional dipping method, these sturdy tapers will add a unique ambience to any event or occasion.\u00a0<\/span><\/p><p><span data-sheets-root=\"1\" data-sheets-value=\"{&quot;1&quot;:2,&quot;2&quot;:&quot;10 inch Soy Wax Butterceam Taper Candles 2pcs\/pack\\nNew smokeless 10 inch taper candle with cotton wicks is colour through in Buttercream colour. The candle is hand-dipped with unscented feature, perfect for holiday gathering and events.\\nMaterial Eco-friendly unscented soy wax\\n8-hour burn time\\nPack of 2 identical pieces\\n\u00d82.5 \u00d7 H25.5 cm Bottom \u00d82 cm\\nCaution Please keep away from children and pets. Discontinue the candle when it is unattended.\\nDesigned by CAMILIA &quot;}\" data-sheets-userformat=\"{&quot;2&quot;:513,&quot;3&quot;:{&quot;1&quot;:0},&quot;12&quot;:0}\">You can light them every day and feel warm &amp; cozy.<\/span><\/p><p><span data-sheets-root=\"1\" data-sheets-value=\"{&quot;1&quot;:2,&quot;2&quot;:&quot;10 inch Soy Wax Butterceam Taper Candles 2pcs\/pack\\nNew smokeless 10 inch taper candle with cotton wicks is colour through in Buttercream colour. The candle is hand-dipped with unscented feature, perfect for holiday gathering and events.\\nMaterial Eco-friendly unscented soy wax\\n8-hour burn time\\nPack of 2 identical pieces\\n\u00d82.5 \u00d7 H25.5 cm Bottom \u00d82 cm\\nCaution Please keep away from children and pets. Discontinue the candle when it is unattended.\\nDesigned by CAMILIA &quot;}\" data-sheets-userformat=\"{&quot;2&quot;:513,&quot;3&quot;:{&quot;1&quot;:0},&quot;12&quot;:0}\"><strong>Dimensions<\/strong>: Each candle measures approximately 11\" tall and 3\/4\" wide at the base.<br \/><\/span><\/p><p><strong>Color<\/strong>:<\/p><ul><li>White\/Ivory with Golden Motif. Please be aware, that in summers the gold motif eventually turns into bottle green color. Apparently that also looks very pretty.\u00a0<\/li><li>White \/ Ivory with hand-painted design<\/li><li>Wine color<\/li><li>Purple color<\/li><\/ul><p>Please use appropriate candle holders when lighting taper candles. More details are in the Usage &amp; Care section.<\/p><p>Candle holders are to be ordered separately.<\/p><p><span data-sheets-root=\"1\" data-sheets-value=\"{&quot;1&quot;:2,&quot;2&quot;:&quot;10 inch Soy Wax Butterceam Taper Candles 2pcs\/pack\\nNew smokeless 10 inch taper candle with cotton wicks is colour through in Buttercream colour. The candle is hand-dipped with unscented feature, perfect for holiday gathering and events.\\nMaterial Eco-friendly unscented soy wax\\n8-hour burn time\\nPack of 2 identical pieces\\n\u00d82.5 \u00d7 H25.5 cm Bottom \u00d82 cm\\nCaution Please keep away from children and pets. Discontinue the candle when it is unattended.\\nDesigned by CAMILIA &quot;}\" data-sheets-userformat=\"{&quot;2&quot;:513,&quot;3&quot;:{&quot;1&quot;:0},&quot;12&quot;:0}\">Manufactured by Kana Creations<\/span><\/p>\n\t\t\t\t\t<\/div>\n\t\t\t\t\t\t<\/div>\n\t\t\t\t<\/div>\n\t\t\t\t\t<\/div>\n\t\t<\/div>\n\t\t\t\t\t<\/div>\n\t\t<\/section>\n\t\t\t\t<section class=\"wd-negative-gap elementor-section elementor-top-section elementor-element elementor-element-64824db4 elementor-section-boxed elementor-section-height-default elementor-section-height-default\" data-id=\"64824db4\" data-element_type=\"section\" data-e-type=\"section\" data-settings=\"{&quot;_ha_eqh_enable&quot;:false}\">\n\t\t\t\t\t\t<div class=\"elementor-container elementor-column-gap-default\">\n\t\t\t\t\t<div class=\"elementor-column elementor-col-100 elementor-top-column elementor-element elementor-element-ce781e9\" data-id=\"ce781e9\" data-element_type=\"column\" data-e-type=\"column\">\n\t\t\t<div class=\"elementor-widget-wrap elementor-element-populated\">\n\t\t\t\t\t\t<div class=\"elementor-element elementor-element-335c64c1 elementor-widget elementor-widget-wd_accordion\" data-id=\"335c64c1\" data-element_type=\"widget\" data-e-type=\"widget\" data-widget_type=\"wd_accordion.default\">\n\t\t\t\t<div class=\"elementor-widget-container\">\n\t\t\t\t\t\n\t\t<div class=\"wd-accordion wd-style-default wd-titles-left wd-opener-pos-right wd-opener-style-arrow\" data-state=\"all_closed\">\n\t\t\t\t\t\t\t\n\t\t\t\t<div class=\"wd-accordion-item\">\n\t\t\t\t\t<div class=\"wd-accordion-title wd-role-btn\" data-accordion-index=\"0\" tabindex=\"0\">\n\t\t\t\t\t\t<div class=\"wd-accordion-title-text\">\n\t\t\t\t\t\t\t\t\t\t\t\t\t\t\t<span class=\"img-wrapper\">\n\t\t\t\t\t\t\t\t\t<img decoding=\"async\"  src=\"https:\/\/kanacreations.art\/wp-content\/uploads\/2023\/09\/usage-instructions.svg\" title=\"usage instructions icon\" loading=\"lazy\" width=\"20\" height=\"20\">\t\t\t\t\t\t\t\t<\/span>\n\t\t\t\t\t\t\t\t\t\t\t\t\t\t<span>\n\t\t\t\t\t\t\t\tUsage &amp; Care\t\t\t\t\t\t\t<\/span>\n\t\t\t\t\t\t<\/div>\n\t\t\t\t\t\t<span class=\"wd-accordion-opener\"><\/span>\n\t\t\t\t\t<\/div>\n\n\t\t\t\t\t<div class=\"wd-accordion-content wd-entry-content\" data-accordion-index=\"0\">\n\t\t\t\t\t\t\t\t\t\t\t\t\t\n\t\t\t\t\t\t\t<p><span data-sheets-root=\"1\" data-sheets-value=\"{&quot;1&quot;:2,&quot;2&quot;:&quot;Please use appropriate candle holders when lighting taper candles and keep wicks trimmed to 1\/4\\&quot;. ***These candles perform the best and dripless when burned straight upright and in a room with out drafts. If burned where there\u2019s a draft or fan, expect to have some wax drips along the side of the candle and quicker burning.&quot;}\" data-sheets-userformat=\"{&quot;2&quot;:14915,&quot;3&quot;:{&quot;1&quot;:0},&quot;4&quot;:{&quot;1&quot;:2,&quot;2&quot;:16777215},&quot;9&quot;:0,&quot;12&quot;:0,&quot;14&quot;:{&quot;1&quot;:2,&quot;2&quot;:0},&quot;15&quot;:&quot;\\&quot;Josefin Sans\\&quot;&quot;,&quot;16&quot;:11}\">Please use appropriate candle holders when lighting taper candles and keep wicks trimmed to 1\/4\". <\/span><\/p><p><span data-sheets-root=\"1\" data-sheets-value=\"{&quot;1&quot;:2,&quot;2&quot;:&quot;Please use appropriate candle holders when lighting taper candles and keep wicks trimmed to 1\/4\\&quot;. ***These candles perform the best and dripless when burned straight upright and in a room with out drafts. If burned where there\u2019s a draft or fan, expect to have some wax drips along the side of the candle and quicker burning.&quot;}\" data-sheets-userformat=\"{&quot;2&quot;:14915,&quot;3&quot;:{&quot;1&quot;:0},&quot;4&quot;:{&quot;1&quot;:2,&quot;2&quot;:16777215},&quot;9&quot;:0,&quot;12&quot;:0,&quot;14&quot;:{&quot;1&quot;:2,&quot;2&quot;:0},&quot;15&quot;:&quot;\\&quot;Josefin Sans\\&quot;&quot;,&quot;16&quot;:11}\">These candles perform the best and are dripless when burned straight upright and in a room without drafts. If burned where there\u2019s a draft or fan, expect to have some wax drips along the side of the candle and quicker burning.<\/span><\/p><p><span data-sheets-root=\"1\" data-sheets-value=\"{&quot;1&quot;:2,&quot;2&quot;:&quot;10 inch Soy Wax Butterceam Taper Candles 2pcs\/pack\\nNew smokeless 10 inch taper candle with cotton wicks is colour through in Buttercream colour. The candle is hand-dipped with unscented feature, perfect for holiday gathering and events.\\nMaterial Eco-friendly unscented soy wax\\n8-hour burn time\\nPack of 2 identical pieces\\n\u00d82.5 \u00d7 H25.5 cm Bottom \u00d82 cm\\nCaution Please keep away from children and pets. Discontinue the candle when it is unattended.\\nDesigned by CAMILIA &quot;}\" data-sheets-userformat=\"{&quot;2&quot;:513,&quot;3&quot;:{&quot;1&quot;:0},&quot;12&quot;:0}\">Caution Please keep away from children and pets. Discontinue the candle when it is unattended.<\/span><\/p><p>We suggest that you embrace your candles as your friends, and you will know how to give and get the best out of them \ud83d\ude42<\/p><p>For detailed care - refer\u00a0<span style=\"text-decoration: underline;\"><a href=\"https:\/\/kanacreations.art\/hi\/products-usage-and-care\/\">Product Usage and Care Page.<\/a><\/span><\/p>\n\t\t\t\t\t\t\t\t\t\t\t\t\t\t\t\t\t\t<\/div>\n\t\t\t\t<\/div>\n\t\t\t\t\t\t\t\n\t\t\t\t<div class=\"wd-accordion-item\">\n\t\t\t\t\t<div class=\"wd-accordion-title wd-role-btn\" data-accordion-index=\"1\" tabindex=\"0\">\n\t\t\t\t\t\t<div class=\"wd-accordion-title-text\">\n\t\t\t\t\t\t\t\t\t\t\t\t\t\t\t<span class=\"img-wrapper\">\n\t\t\t\t\t\t\t\t\t<img decoding=\"async\"  src=\"https:\/\/kanacreations.art\/wp-content\/uploads\/2023\/09\/packaging.svg\" title=\"packaging icon\" loading=\"lazy\" width=\"20\" height=\"20\">\t\t\t\t\t\t\t\t<\/span>\n\t\t\t\t\t\t\t\t\t\t\t\t\t\t<span>\n\t\t\t\t\t\t\t\tPackaging\t\t\t\t\t\t\t<\/span>\n\t\t\t\t\t\t<\/div>\n\t\t\t\t\t\t<span class=\"wd-accordion-opener\"><\/span>\n\t\t\t\t\t<\/div>\n\n\t\t\t\t\t<div class=\"wd-accordion-content wd-entry-content\" data-accordion-index=\"1\">\n\t\t\t\t\t\t\t\t\t\t\t\t\t\n\t\t\t\t\t\t\t<p>The candle is packed in brown paper\u00a0 and then put in a brown box made for tapered candles. This is again packed in a corrugated box with <span style=\"font-weight: 400;\">old newspaper shreds so that <\/span>it reaches you safely.<\/p>\n\t\t\t\t\t\t\t\t\t\t\t\t\t\t\t\t\t\t<\/div>\n\t\t\t\t<\/div>\n\t\t\t\t\t\t\t\n\t\t\t\t<div class=\"wd-accordion-item\">\n\t\t\t\t\t<div class=\"wd-accordion-title wd-role-btn\" data-accordion-index=\"2\" tabindex=\"0\">\n\t\t\t\t\t\t<div class=\"wd-accordion-title-text\">\n\t\t\t\t\t\t\t\t\t\t\t\t\t\t\t<span class=\"img-wrapper\">\n\t\t\t\t\t\t\t\t\t<img loading=\"lazy\" decoding=\"async\" width=\"25\" height=\"25\" src=\"https:\/\/kanacreations.art\/wp-content\/uploads\/2023\/06\/Screenshot_2023-09-17_at_12.09.17_PM-removebg-preview-25x25.png\" class=\"attachment-25x25 size-25x25\" alt=\"\" srcset=\"https:\/\/kanacreations.art\/wp-content\/uploads\/2023\/06\/Screenshot_2023-09-17_at_12.09.17_PM-removebg-preview-25x25.png 25w, https:\/\/kanacreations.art\/wp-content\/uploads\/2023\/06\/Screenshot_2023-09-17_at_12.09.17_PM-removebg-preview-430x430.png 430w, https:\/\/kanacreations.art\/wp-content\/uploads\/2023\/06\/Screenshot_2023-09-17_at_12.09.17_PM-removebg-preview-150x150.png 150w, https:\/\/kanacreations.art\/wp-content\/uploads\/2023\/06\/Screenshot_2023-09-17_at_12.09.17_PM-removebg-preview-20x20.png 20w\" sizes=\"auto, (max-width: 25px) 100vw, 25px\" \/>\t\t\t\t\t\t\t\t<\/span>\n\t\t\t\t\t\t\t\t\t\t\t\t\t\t<span>\n\t\t\t\t\t\t\t\tReusability\t\t\t\t\t\t\t<\/span>\n\t\t\t\t\t\t<\/div>\n\t\t\t\t\t\t<span class=\"wd-accordion-opener\"><\/span>\n\t\t\t\t\t<\/div>\n\n\t\t\t\t\t<div class=\"wd-accordion-content wd-entry-content\" data-accordion-index=\"2\">\n\t\t\t\t\t\t\t\t\t\t\t\t\t\n\t\t\t\t\t\t\t<p>The kraft paper box is of good quality and can be used to store old items.<\/p>\n\t\t\t\t\t\t\t\t\t\t\t\t\t\t\t\t\t\t<\/div>\n\t\t\t\t<\/div>\n\t\t\t\t\t\t\t\n\t\t\t\t<div class=\"wd-accordion-item\">\n\t\t\t\t\t<div class=\"wd-accordion-title wd-role-btn\" data-accordion-index=\"3\" tabindex=\"0\">\n\t\t\t\t\t\t<div class=\"wd-accordion-title-text\">\n\t\t\t\t\t\t\t\t\t\t\t\t\t\t\t<span class=\"img-wrapper\">\n\t\t\t\t\t\t\t\t\t<img loading=\"lazy\" decoding=\"async\" width=\"35\" height=\"35\" src=\"https:\/\/kanacreations.art\/wp-content\/uploads\/2023\/06\/Screenshot-2023-09-17-at-12.43.43-PM-35x35.png\" class=\"attachment-35x35 size-35x35\" alt=\"\" srcset=\"https:\/\/kanacreations.art\/wp-content\/uploads\/2023\/06\/Screenshot-2023-09-17-at-12.43.43-PM-35x35.png 35w, https:\/\/kanacreations.art\/wp-content\/uploads\/2023\/06\/Screenshot-2023-09-17-at-12.43.43-PM-430x430.png 430w, https:\/\/kanacreations.art\/wp-content\/uploads\/2023\/06\/Screenshot-2023-09-17-at-12.43.43-PM-150x150.png 150w, https:\/\/kanacreations.art\/wp-content\/uploads\/2023\/06\/Screenshot-2023-09-17-at-12.43.43-PM-20x20.png 20w, https:\/\/kanacreations.art\/wp-content\/uploads\/2023\/06\/Screenshot-2023-09-17-at-12.43.43-PM-30x30.png 30w\" sizes=\"auto, (max-width: 35px) 100vw, 35px\" \/>\t\t\t\t\t\t\t\t<\/span>\n\t\t\t\t\t\t\t\t\t\t\t\t\t\t<span>\n\t\t\t\t\t\t\t\tBulk Order\t\t\t\t\t\t\t<\/span>\n\t\t\t\t\t\t<\/div>\n\t\t\t\t\t\t<span class=\"wd-accordion-opener\"><\/span>\n\t\t\t\t\t<\/div>\n\n\t\t\t\t\t<div class=\"wd-accordion-content wd-entry-content\" data-accordion-index=\"3\">\n\t\t\t\t\t\t\t\t\t\t\t\t\t\n\t\t\t\t\t\t\t<p><i>Looking for a custom order or bulk quantities?<\/i><\/p><p>Share more details\u00a0<span style=\"text-decoration: underline;\"><a href=\"https:\/\/kanacreations.art\/hi\/custom-orders\/\">here<\/a><\/span>,\u00a0someone from our team would get back.<\/p>\n\t\t\t\t\t\t\t\t\t\t\t\t\t\t\t\t\t\t<\/div>\n\t\t\t\t<\/div>\n\t\t\t\t\t\t\t\n\t\t\t\t<div class=\"wd-accordion-item\">\n\t\t\t\t\t<div class=\"wd-accordion-title wd-role-btn\" data-accordion-index=\"4\" tabindex=\"0\">\n\t\t\t\t\t\t<div class=\"wd-accordion-title-text\">\n\t\t\t\t\t\t\t\t\t\t\t\t\t\t\t<span class=\"img-wrapper\">\n\t\t\t\t\t\t\t\t\t<img loading=\"lazy\" decoding=\"async\" width=\"40\" height=\"40\" src=\"https:\/\/kanacreations.art\/wp-content\/uploads\/2023\/09\/faq-40x40.jpg\" class=\"attachment-40x40 size-40x40\" alt=\"faq\" srcset=\"https:\/\/kanacreations.art\/wp-content\/uploads\/2023\/09\/faq-40x40.jpg 40w, https:\/\/kanacreations.art\/wp-content\/uploads\/2023\/09\/faq-430x430.jpg 430w, https:\/\/kanacreations.art\/wp-content\/uploads\/2023\/09\/faq-150x150.jpg 150w, https:\/\/kanacreations.art\/wp-content\/uploads\/2023\/09\/faq-700x700.jpg 700w, https:\/\/kanacreations.art\/wp-content\/uploads\/2023\/09\/faq-300x300.jpg 300w, https:\/\/kanacreations.art\/wp-content\/uploads\/2023\/09\/faq-800x800.jpg 800w, https:\/\/kanacreations.art\/wp-content\/uploads\/2023\/09\/faq-768x768.jpg 768w, https:\/\/kanacreations.art\/wp-content\/uploads\/2023\/09\/faq-20x20.jpg 20w, https:\/\/kanacreations.art\/wp-content\/uploads\/2023\/09\/faq-30x30.jpg 30w, https:\/\/kanacreations.art\/wp-content\/uploads\/2023\/09\/faq-50x50.jpg 50w, https:\/\/kanacreations.art\/wp-content\/uploads\/2023\/09\/faq.jpg 980w\" sizes=\"auto, (max-width: 40px) 100vw, 40px\" \/>\t\t\t\t\t\t\t\t<\/span>\n\t\t\t\t\t\t\t\t\t\t\t\t\t\t<span>\n\t\t\t\t\t\t\t\tFAQ\t\t\t\t\t\t\t<\/span>\n\t\t\t\t\t\t<\/div>\n\t\t\t\t\t\t<span class=\"wd-accordion-opener\"><\/span>\n\t\t\t\t\t<\/div>\n\n\t\t\t\t\t<div class=\"wd-accordion-content wd-entry-content\" data-accordion-index=\"4\">\n\t\t\t\t\t\t\t\t\t\t\t\t\t\n\t\t\t\t\t\t\t<p><strong>Q: Will the Taper Candles drip?\u00a0<\/strong><\/p><p><strong>A:<\/strong> Four factors play role to ensure Taper candles don't drip. Firstly, it is important that Taper candle stands are balanced and straight. Secondly, ensure that Taper candles are fixed straight in the stand. 3rdly, fan or Air conditioner\u00a0 air is not directly affecting the Taper candle flame. 4thly,\u00a0 trim the wick of Taper candles when you see enough soot on it for best burning.\u00a0<\/p><p><strong>Q: Can I get a different height made?<\/strong><\/p><p><strong>A:<\/strong> Yes, since all our taper candles are hand dipped, we can customise the size for you.<\/p><p><strong>Q: Are the Taper candles scented?<\/strong><\/p><p><strong>A:<\/strong> Our Taper candles are non scented.\u00a0<\/p><p><strong>Q: Can we get pastel colors in Taper candles?<\/strong><\/p><p><strong>A:<\/strong> Yes, you can get pastel shades in Taper candles. Please reach out to us on 9910088965.<\/p>\n\t\t\t\t\t\t\t\t\t\t\t\t\t\t\t\t\t\t<\/div>\n\t\t\t\t<\/div>\n\t\t\t\t\t<\/div>\n\t\t\t\t\t\t<\/div>\n\t\t\t\t<\/div>\n\t\t\t\t\t<\/div>\n\t\t<\/div>\n\t\t\t\t\t<\/div>\n\t\t<\/section>\n\t\t\t\t<\/div>","protected":false},"excerpt":{"rendered":"<p>Tax included.\u00a0<a href=\"https:\/\/kanacreations.art\/hi\/?page_id=12\">Shipping<\/a>\u00a0calculated at checkout.<\/p>\n<p><img loading=\"lazy\" decoding=\"async\" class=\"wp-image-8804 alignnone\" src=\"http:\/\/kanacreations.art\/wp-content\/uploads\/2023\/05\/sustainable-1-e1684773878259.png\" alt=\"\" width=\"41\" height=\"41\" \/>Sustainable Packaging and Ingredients.<\/p>\n<p>Hand poured by the women of India<\/p>","protected":false},"featured_media":18682,"comment_status":"open","ping_status":"closed","template":"","meta":{"_uf_show_specific_survey":0,"_uf_disable_surveys":false},"product_brand":[],"product_cat":[307,290,226],"product_tag":[393,390,391,392,358,396,389,395,394],"class_list":{"0":"post-16098","1":"product","2":"type-product","3":"status-publish","4":"has-post-thumbnail","6":"product_cat-pillar-taper-candles","7":"product_cat-signature-candles","8":"product_cat-timeless","9":"product_tag-church-candles","10":"product_tag-hand-dipped-candle","11":"product_tag-handpainted-candles","12":"product_tag-purple-candles","13":"product_tag-soy-candles","14":"product_tag-tall-candles","15":"product_tag-tapered-candle","16":"product_tag-white-candles","17":"product_tag-wine-color-candles","19":"first","20":"instock","21":"shipping-taxable","22":"purchasable","23":"product-type-variable"},"jetpack_sharing_enabled":true,"_links":{"self":[{"href":"https:\/\/kanacreations.art\/hi\/wp-json\/wp\/v2\/product\/16098","targetHints":{"allow":["GET"]}}],"collection":[{"href":"https:\/\/kanacreations.art\/hi\/wp-json\/wp\/v2\/product"}],"about":[{"href":"https:\/\/kanacreations.art\/hi\/wp-json\/wp\/v2\/types\/product"}],"replies":[{"embeddable":true,"href":"https:\/\/kanacreations.art\/hi\/wp-json\/wp\/v2\/comments?post=16098"}],"version-history":[{"count":8,"href":"https:\/\/kanacreations.art\/hi\/wp-json\/wp\/v2\/product\/16098\/revisions"}],"predecessor-version":[{"id":27315,"href":"https:\/\/kanacreations.art\/hi\/wp-json\/wp\/v2\/product\/16098\/revisions\/27315"}],"wp:featuredmedia":[{"embeddable":true,"href":"https:\/\/kanacreations.art\/hi\/wp-json\/wp\/v2\/media\/18682"}],"wp:attachment":[{"href":"https:\/\/kanacreations.art\/hi\/wp-json\/wp\/v2\/media?parent=16098"}],"wp:term":[{"taxonomy":"product_brand","embeddable":true,"href":"https:\/\/kanacreations.art\/hi\/wp-json\/wp\/v2\/product_brand?post=16098"},{"taxonomy":"product_cat","embeddable":true,"href":"https:\/\/kanacreations.art\/hi\/wp-json\/wp\/v2\/product_cat?post=16098"},{"taxonomy":"product_tag","embeddable":true,"href":"https:\/\/kanacreations.art\/hi\/wp-json\/wp\/v2\/product_tag?post=16098"}],"curies":[{"name":"wp","href":"https:\/\/api.w.org\/{rel}","templated":true}]}}